{"id":6988,"date":"2025-02-27T09:05:40","date_gmt":"2025-02-27T09:05:40","guid":{"rendered":"https:\/\/mindbodysoul-academy.de\/shop\/?post_type=product&#038;p=6988"},"modified":"2026-05-07T07:54:56","modified_gmt":"2026-05-07T07:54:56","slug":"pathophysiologie-digitales-workbook","status":"publish","type":"product","link":"https:\/\/mindbodysoul-academy.de\/shop\/produkt\/pathophysiologie-digitales-workbook\/","title":{"rendered":"Digitales Workbook-Pathophysiologie 2. Auflage"},"content":{"rendered":"<h4 style=\"text-align: left;\"><span style=\"color: #008080;\"><strong><span style=\"vertical-align: inherit;\">Pathophysiologie 2. Auflage<\/span><\/strong><\/span><\/h4>\n<p>Ob du f\u00fcr die Heilpraktikerpr\u00fcfung lernen oder einfach dein Wissen erweitern m\u00f6chtest, dieses Workbook ist darauf ausgelegt, dir den Lernprozess zu erleichtern. Mein Ziel ist es, dir die Pathophysiologie klar und verst\u00e4ndlich zu vermitteln, sodass du die Zusammenh\u00e4nge zwischen Anatomie, Physiologie und Pathologie besser verstehst.<\/p>\n<h3>In diesem Workbook findest du auf insgesamt 414 Seiten:<\/h3>\n<ul>\n<li><strong>Eine kompakte Zusammenfassung der wichtigsten Themen der Pathophysiologie<\/strong><\/li>\n<li><strong>Klar strukturierte Erkl\u00e4rungen zu relevanten Krankheitsbildern<\/strong><\/li>\n<li><strong>\u00dcbungsaufgaben zur Vertiefung deines Wissens<\/strong><\/li>\n<li><strong>Inklusive Workbook Einf\u00fchrung in die Anatomie und Physiologie (Lage- und Richtungsbezeichnungen)<\/strong><\/li>\n<\/ul>\n<div class=\"_chat-messages_ybums_17\">\n<div class=\"_chat-messages__inner_ybums_20\">\n<div class=\"_message-item_tj7m6_1\">\n<div class=\"_message-item__content_tj7m6_9\">\n<div class=\"_message-content_3ffle_2 _message-content--markdown_3ffle_20\">\n<p>\ud83d\udc49<strong> Hinweis:<\/strong><br \/>\nDie digitalen Workbooks sind ausschlie\u00dflich f\u00fcr den Download und die Nutzung auf Tablet, Laptop oder PC optimiert. Da es sich um gr\u00f6\u00dfere Dateien mit detaillierten Grafiken handelt, kann die Darstellung auf Smartphones eingeschr\u00e4nkt sein und Inhalte bzw. Beschriftungen m\u00f6glicherweise nicht vollst\u00e4ndig oder ausreichend erkennbar angezeigt werden.<\/p>\n<p>Wir empfehlen daher ausdr\u00fccklich den Download und die Nutzung auf Tablet, Laptop oder PC \u2013 nicht auf dem Smartphone.<\/p>\n<\/div>\n<\/div>\n<\/div>\n<\/div>\n<\/div>\n<div class=\"_chat-field-placeholder_ybums_83\"><\/div>\n<p>Folgende Themen sind im Workbook zusammengefasst:<\/p>\n<ol>\n<li><strong>Zelle und Gewebearten<\/strong><\/li>\n<li><strong><span style=\"vertical-align: inherit;\">Blut <\/span><\/strong><\/li>\n<li><strong><span style=\"vertical-align: inherit;\">Lymphatisches System und Abwehr<\/span><\/strong><\/li>\n<li><strong><span style=\"vertical-align: inherit;\">Endokrines System<\/span><\/strong><\/li>\n<li><strong><span style=\"vertical-align: inherit;\">Nervensystem<\/span><\/strong><\/li>\n<li><strong><span style=\"vertical-align: inherit;\">Sinnesorgane (Haut, Auge, Ohr, Zunge, Nase)<\/span><\/strong><\/li>\n<li><strong><span style=\"vertical-align: inherit;\">Bewegungsapparat<\/span><\/strong><\/li>\n<li><strong><span style=\"vertical-align: inherit;\">Herz, Gef\u00e4\u00dfe und Kreislauf<\/span><\/strong><\/li>\n<li><strong><span style=\"vertical-align: inherit;\">Atemapparat<\/span><\/strong><\/li>\n<li><strong><span style=\"vertical-align: inherit;\">Verdauungssystem<\/span><\/strong><\/li>\n<li><strong><span style=\"vertical-align: inherit;\">Leber, <\/span><\/strong><strong><span style=\"vertical-align: inherit;\">Gallensystem, Pankreas und Stoffwechsel<\/span><\/strong><\/li>\n<li><strong><span style=\"vertical-align: inherit;\">Nieren und ableitende Harnwege:<\/span><\/strong><\/li>\n<li><strong><span style=\"vertical-align: inherit;\">Geschlechtsorgane, Schwangerschaft und Kind<\/span><\/strong><\/li>\n<li><strong>Psychiatrie<\/strong><\/li>\n<\/ol>\n<p><strong><span style=\"color: #008080;\">Nutze die Gelegenheit, Dein Wissen zu vertiefen, um auf die bevorstehenden Pr\u00fcfungen optimal vorbereitet zu sein!<\/span><\/strong><\/p>\n<p>Viel Erfolg und Freude auf deiner Lernreise durch die Pathophysiologie!<\/p>\n<p>&nbsp;<\/p>\n<p><strong>Wichtiger Hinweis zum vorzeitigen Erl\u00f6schen des Widerrufsrechts:<\/strong><br \/>\nSobald die Zahlung best\u00e4tigt wurde, sind deine Dateien zum Download verf\u00fcgbar.<br \/>\n<span style=\"color: #e82727;\">*<\/span>Sofort-Download-Artikel k\u00f6nnen nicht zur\u00fcckgegeben, umgetauscht oder storniert werden. Mit dem Setzen des H\u00e4kchens w\u00e4hrend des Kaufvorgangs gibst du dein Einverst\u00e4ndnis und best\u00e4tigst, dass du unsere AGB gelesen und verstanden hast, dass dein Widerrufsrecht bei diesem Artikel vorzeitig erlischt.<\/p>\n<p>&nbsp;<\/p>\n","protected":false},"excerpt":{"rendered":"<p style=\"text-align: left;\"><span style=\"color: #008080;\"><strong>Lass dich von meinem digitalen Workbook zur Pathophysiologie inspirieren und erlebe, wie einfach Lernen sein kann.<\/strong> <\/span><\/p>\n<p>M\u00f6chtest du ein tiefes Verst\u00e4ndnis f\u00fcr die Abl\u00e4ufe des menschlichen K\u00f6rpers und die Auswirkungen von Erkrankungen erlangen? Das 414- seitiges digitale Workbook zur Pathophysiologie ist genau das, was du brauchst, um deine Kenntnisse auf das n\u00e4chste Level zu heben! <strong>Perfekt f\u00fcr die Heilpraktikerausbildung und Pr\u00fcfungsvorbereitung.<\/strong><\/p>\n<p>Warum dieses digitale Workbook unentbehrlich f\u00fcr dich ist:<\/p>\n<p>\ud83d\udcda <strong>Komplexe Inhalte einfach erkl\u00e4rt:<\/strong> Alle Informationen sind pr\u00e4zise und verst\u00e4ndlich aufbereitet. Ideal f\u00fcr die Heilpraktikerausbildung- Pr\u00fcfungsvorbereitung und alle, die ihr Wissen vertiefen m\u00f6chten.<\/p>\n<p>\ud83d\udd0d <strong>\u00dcbungsaufgaben &amp; hilfreiche Tipps:<\/strong> \u00dcbungen und anschauliche Grafiken helfen dir, das Gelernte spielend zu verinnerlichen.<\/p>\n<p>\u23f3 <strong>Flexibles Lernen:<\/strong> Egal, ob du schnell ein Kapitel durchgehen oder tiefer in die Materie eintauchen m\u00f6chtest \u2013 dieses Workbook passt sich deinem individuellen Lerntempo an.<\/p>\n<p>\ud83c\udf0d <strong>Zugriff, wann und wo du willst:<\/strong> Ob im Caf\u00e9, zu Hause oder unterwegs \u2013 dein Wissen ist immer nur einen Klick entfernt.<\/p>\n<p>\ud83d\udc49<strong> Sichere dir dein digitales Workbook<\/strong><\/p>\n<p>&nbsp;<\/p>\n<div class=\"_chat-messages_ybums_17\">\n<div class=\"_chat-messages__inner_ybums_20\">\n<div class=\"_message-item_tj7m6_1\">\n<div class=\"_message-item__content_tj7m6_9\">\n<div class=\"_message-content_3ffle_2 _message-content--markdown_3ffle_20\">\n<p>\ud83d\udc49<strong> Hinweis:<\/strong><br \/>\nDie digitalen Workbooks sind ausschlie\u00dflich f\u00fcr den Download und die Nutzung auf Tablet, Laptop oder PC optimiert. Da es sich um gr\u00f6\u00dfere Dateien mit detaillierten Grafiken handelt, kann die Darstellung auf Smartphones eingeschr\u00e4nkt sein und Inhalte bzw. Beschriftungen m\u00f6glicherweise nicht vollst\u00e4ndig oder ausreichend erkennbar angezeigt werden.<\/p>\n<p>Wir empfehlen daher ausdr\u00fccklich den Download und die Nutzung auf Tablet, Laptop oder PC \u2013 nicht auf dem Smartphone.<\/p>\n<\/div>\n<\/div>\n<\/div>\n<\/div>\n<\/div>\n<div class=\"_chat-field-placeholder_ybums_83\"><\/div>\n","protected":false},"featured_media":9323,"comment_status":"open","ping_status":"closed","template":"","meta":{"_bbp_topic_count":0,"_bbp_reply_count":0,"_bbp_total_topic_count":0,"_bbp_total_reply_count":0,"_bbp_voice_count":0,"_bbp_anonymous_reply_count":0,"_bbp_topic_count_hidden":0,"_bbp_reply_count_hidden":0,"_bbp_forum_subforum_count":0,"om_disable_all_campaigns":false,"_monsterinsights_skip_tracking":false,"_monsterinsights_sitenote_active":false,"_monsterinsights_sitenote_note":"","_monsterinsights_sitenote_category":0,"site-sidebar-layout":"default","site-content-layout":"","ast-site-content-layout":"default","site-content-style":"default","site-sidebar-style":"default","ast-global-header-display":"","ast-banner-title-visibility":"","ast-main-header-display":"","ast-hfb-above-header-display":"","ast-hfb-below-header-display":"","ast-hfb-mobile-header-display":"","site-post-title":"","ast-breadcrumbs-content":"","ast-featured-img":"","footer-sml-layout":"","ast-disable-related-posts":"","theme-transparent-header-meta":"default","adv-header-id-meta":"","stick-header-meta":"","header-above-stick-meta":"","header-main-stick-meta":"","header-below-stick-meta":"","astra-migrate-meta-layouts":"set","ast-page-background-enabled":"default","ast-page-background-meta":{"desktop":{"background-color":"var(--ast-global-color-4)","background-image":"","background-repeat":"repeat","background-position":"center center","background-size":"auto","background-attachment":"scroll","background-type":"","background-media":"","overlay-type":"","overlay-color":"","overlay-opacity":"","overlay-gradient":""},"tablet":{"background-color":"","background-image":"","background-repeat":"repeat","background-position":"center center","background-size":"auto","background-attachment":"scroll","background-type":"","background-media":"","overlay-type":"","overlay-color":"","overlay-opacity":"","overlay-gradient":""},"mobile":{"background-color":"","background-image":"","background-repeat":"repeat","background-position":"center center","background-size":"auto","background-attachment":"scroll","background-type":"","background-media":"","overlay-type":"","overlay-color":"","overlay-opacity":"","overlay-gradient":""}},"ast-content-background-meta":{"desktop":{"background-color":"var(--ast-global-color-5)","background-image":"","background-repeat":"repeat","background-position":"center center","background-size":"auto","background-attachment":"scroll","background-type":"","background-media":"","overlay-type":"","overlay-color":"","overlay-opacity":"","overlay-gradient":""},"tablet":{"background-color":"var(--ast-global-color-5)","background-image":"","background-repeat":"repeat","background-position":"center center","background-size":"auto","background-attachment":"scroll","background-type":"","background-media":"","overlay-type":"","overlay-color":"","overlay-opacity":"","overlay-gradient":""},"mobile":{"background-color":"var(--ast-global-color-5)","background-image":"","background-repeat":"repeat","background-position":"center center","background-size":"auto","background-attachment":"scroll","background-type":"","background-media":"","overlay-type":"","overlay-color":"","overlay-opacity":"","overlay-gradient":""}}},"product_brand":[],"product_cat":[35,31,22],"product_tag":[34,36,33],"class_list":{"0":"post-6988","1":"product","2":"type-product","3":"status-publish","4":"has-post-thumbnail","6":"product_cat-heilpraktiker-ausbildung","7":"product_cat-uebungshefte","8":"product_cat-workbooks","9":"product_tag-anatomie","10":"product_tag-heilpraktiker-ausbildung","11":"product_tag-workbooks","12":"product_shipping_class-download-versandkostenfrei","13":"desktop-align-left","14":"tablet-align-left","15":"mobile-align-left","17":"first","18":"instock","19":"sale","20":"downloadable","21":"taxable","22":"shipping-taxable","23":"purchasable","24":"product-type-simple"},"yoast_head":"<!-- This site is optimized with the Yoast SEO plugin v27.6 - https:\/\/yoast.com\/product\/yoast-seo-wordpress\/ -->\n<title>Pathophysiologie Zusammenfassung<\/title>\n<meta name=\"description\" content=\"Pathophysiologie Workbook zur Heilpraktikerausbildung- und Pr\u00fcfungsvorbereitung.\u00a0Ob Du f\u00fcr Pr\u00fcfungen lernen oder einfach dein Wissen vertiefen m\u00f6chtest, dieses Workbook ist darauf ausgelegt, dir den Lernprozess zu erleichtern.\" \/>\n<meta name=\"robots\" content=\"index, follow, max-snippet:-1, max-image-preview:large, max-video-preview:-1\" \/>\n<link rel=\"canonical\" href=\"https:\/\/mindbodysoul-academy.de\/shop\/produkt\/pathophysiologie-digitales-workbook\/\" \/>\n<meta property=\"og:locale\" content=\"de_DE\" \/>\n<meta property=\"og:type\" content=\"article\" \/>\n<meta property=\"og:title\" content=\"Pathophysiologie Zusammenfassung\" \/>\n<meta property=\"og:description\" content=\"Pathophysiologie Workbook zur Heilpraktikerausbildung- und Pr\u00fcfungsvorbereitung.\u00a0Ob Du f\u00fcr Pr\u00fcfungen lernen oder einfach dein Wissen vertiefen m\u00f6chtest, dieses Workbook ist darauf ausgelegt, dir den Lernprozess zu erleichtern.\" \/>\n<meta property=\"og:url\" content=\"https:\/\/mindbodysoul-academy.de\/shop\/produkt\/pathophysiologie-digitales-workbook\/\" \/>\n<meta property=\"og:site_name\" content=\"Mind-Body-Soul ACADEMY Online- Shop\" \/>\n<meta property=\"article:publisher\" content=\"https:\/\/www.facebook.com\/groups\/607787847547864\" \/>\n<meta property=\"article:modified_time\" content=\"2026-05-07T07:54:56+00:00\" \/>\n<meta property=\"og:image\" content=\"https:\/\/mindbodysoul-academy.de\/shop\/wp-content\/uploads\/2025\/02\/Anatomie-74.png\" \/>\n\t<meta property=\"og:image:width\" content=\"500\" \/>\n\t<meta property=\"og:image:height\" content=\"500\" \/>\n\t<meta property=\"og:image:type\" content=\"image\/png\" \/>\n<meta name=\"twitter:card\" content=\"summary_large_image\" \/>\n<meta name=\"twitter:label1\" content=\"Gesch\u00e4tzte Lesezeit\" \/>\n\t<meta name=\"twitter:data1\" content=\"2\u00a0Minuten\" \/>\n<script type=\"application\/ld+json\" class=\"yoast-schema-graph\">{\"@context\":\"https:\\\/\\\/schema.org\",\"@graph\":[{\"@type\":\"WebPage\",\"@id\":\"https:\\\/\\\/mindbodysoul-academy.de\\\/shop\\\/produkt\\\/pathophysiologie-digitales-workbook\\\/\",\"url\":\"https:\\\/\\\/mindbodysoul-academy.de\\\/shop\\\/produkt\\\/pathophysiologie-digitales-workbook\\\/\",\"name\":\"Pathophysiologie Zusammenfassung\",\"isPartOf\":{\"@id\":\"https:\\\/\\\/mindbodysoul-academy.de\\\/shop\\\/#website\"},\"primaryImageOfPage\":{\"@id\":\"https:\\\/\\\/mindbodysoul-academy.de\\\/shop\\\/produkt\\\/pathophysiologie-digitales-workbook\\\/#primaryimage\"},\"image\":{\"@id\":\"https:\\\/\\\/mindbodysoul-academy.de\\\/shop\\\/produkt\\\/pathophysiologie-digitales-workbook\\\/#primaryimage\"},\"thumbnailUrl\":\"https:\\\/\\\/mindbodysoul-academy.de\\\/shop\\\/wp-content\\\/uploads\\\/2025\\\/02\\\/Anatomie-74.png\",\"datePublished\":\"2025-02-27T09:05:40+00:00\",\"dateModified\":\"2026-05-07T07:54:56+00:00\",\"description\":\"Pathophysiologie Workbook zur Heilpraktikerausbildung- und Pr\u00fcfungsvorbereitung.\u00a0Ob Du f\u00fcr Pr\u00fcfungen lernen oder einfach dein Wissen vertiefen m\u00f6chtest, dieses Workbook ist darauf ausgelegt, dir den Lernprozess zu erleichtern.\",\"breadcrumb\":{\"@id\":\"https:\\\/\\\/mindbodysoul-academy.de\\\/shop\\\/produkt\\\/pathophysiologie-digitales-workbook\\\/#breadcrumb\"},\"inLanguage\":\"de\",\"potentialAction\":[{\"@type\":\"ReadAction\",\"target\":[\"https:\\\/\\\/mindbodysoul-academy.de\\\/shop\\\/produkt\\\/pathophysiologie-digitales-workbook\\\/\"]}]},{\"@type\":\"ImageObject\",\"inLanguage\":\"de\",\"@id\":\"https:\\\/\\\/mindbodysoul-academy.de\\\/shop\\\/produkt\\\/pathophysiologie-digitales-workbook\\\/#primaryimage\",\"url\":\"https:\\\/\\\/mindbodysoul-academy.de\\\/shop\\\/wp-content\\\/uploads\\\/2025\\\/02\\\/Anatomie-74.png\",\"contentUrl\":\"https:\\\/\\\/mindbodysoul-academy.de\\\/shop\\\/wp-content\\\/uploads\\\/2025\\\/02\\\/Anatomie-74.png\",\"width\":500,\"height\":500},{\"@type\":\"BreadcrumbList\",\"@id\":\"https:\\\/\\\/mindbodysoul-academy.de\\\/shop\\\/produkt\\\/pathophysiologie-digitales-workbook\\\/#breadcrumb\",\"itemListElement\":[{\"@type\":\"ListItem\",\"position\":1,\"name\":\"Home\",\"item\":\"https:\\\/\\\/mindbodysoul-academy.de\\\/shop\\\/\"},{\"@type\":\"ListItem\",\"position\":2,\"name\":\"Shop\",\"item\":\"https:\\\/\\\/mindbodysoul-academy.de\\\/shop\\\/\"},{\"@type\":\"ListItem\",\"position\":3,\"name\":\"Digitales Workbook-Pathophysiologie 2. Auflage\"}]},{\"@type\":\"WebSite\",\"@id\":\"https:\\\/\\\/mindbodysoul-academy.de\\\/shop\\\/#website\",\"url\":\"https:\\\/\\\/mindbodysoul-academy.de\\\/shop\\\/\",\"name\":\"Mind-Body-Soul ACADEMY Online- Shop\",\"description\":\"Lehrinstitut f\u00fcr Heilpraktiker und Astrologie\",\"publisher\":{\"@id\":\"https:\\\/\\\/mindbodysoul-academy.de\\\/shop\\\/#\\\/schema\\\/person\\\/a9cd1a463d38004da101a627cc075306\"},\"potentialAction\":[{\"@type\":\"SearchAction\",\"target\":{\"@type\":\"EntryPoint\",\"urlTemplate\":\"https:\\\/\\\/mindbodysoul-academy.de\\\/shop\\\/?s={search_term_string}\"},\"query-input\":{\"@type\":\"PropertyValueSpecification\",\"valueRequired\":true,\"valueName\":\"search_term_string\"}}],\"inLanguage\":\"de\"},{\"@type\":[\"Person\",\"Organization\"],\"@id\":\"https:\\\/\\\/mindbodysoul-academy.de\\\/shop\\\/#\\\/schema\\\/person\\\/a9cd1a463d38004da101a627cc075306\",\"name\":\"Olga Erler\",\"image\":{\"@type\":\"ImageObject\",\"inLanguage\":\"de\",\"@id\":\"https:\\\/\\\/mindbodysoul-academy.de\\\/wp-content\\\/uploads\\\/2022\\\/06\\\/olga-erler.1024x1024.jpg\",\"url\":\"https:\\\/\\\/mindbodysoul-academy.de\\\/wp-content\\\/uploads\\\/2022\\\/06\\\/olga-erler.1024x1024.jpg\",\"contentUrl\":\"https:\\\/\\\/mindbodysoul-academy.de\\\/wp-content\\\/uploads\\\/2022\\\/06\\\/olga-erler.1024x1024.jpg\",\"width\":1024,\"height\":1024,\"caption\":\"Olga Erler\"},\"logo\":{\"@id\":\"https:\\\/\\\/mindbodysoul-academy.de\\\/wp-content\\\/uploads\\\/2022\\\/06\\\/olga-erler.1024x1024.jpg\"},\"sameAs\":[\"https:\\\/\\\/mindbodysoul-academy.de\\\/\",\"https:\\\/\\\/www.facebook.com\\\/groups\\\/607787847547864\",\"https:\\\/\\\/www.instagram.com\\\/olga.erler.mindbodysoulacademy\\\/\"]}]}<\/script>\n<!-- \/ Yoast SEO plugin. -->","yoast_head_json":{"title":"Pathophysiologie Zusammenfassung","description":"Pathophysiologie Workbook zur Heilpraktikerausbildung- und Pr\u00fcfungsvorbereitung.\u00a0Ob Du f\u00fcr Pr\u00fcfungen lernen oder einfach dein Wissen vertiefen m\u00f6chtest, dieses Workbook ist darauf ausgelegt, dir den Lernprozess zu erleichtern.","robots":{"index":"index","follow":"follow","max-snippet":"max-snippet:-1","max-image-preview":"max-image-preview:large","max-video-preview":"max-video-preview:-1"},"canonical":"https:\/\/mindbodysoul-academy.de\/shop\/produkt\/pathophysiologie-digitales-workbook\/","og_locale":"de_DE","og_type":"article","og_title":"Pathophysiologie Zusammenfassung","og_description":"Pathophysiologie Workbook zur Heilpraktikerausbildung- und Pr\u00fcfungsvorbereitung.\u00a0Ob Du f\u00fcr Pr\u00fcfungen lernen oder einfach dein Wissen vertiefen m\u00f6chtest, dieses Workbook ist darauf ausgelegt, dir den Lernprozess zu erleichtern.","og_url":"https:\/\/mindbodysoul-academy.de\/shop\/produkt\/pathophysiologie-digitales-workbook\/","og_site_name":"Mind-Body-Soul ACADEMY Online- Shop","article_publisher":"https:\/\/www.facebook.com\/groups\/607787847547864","article_modified_time":"2026-05-07T07:54:56+00:00","og_image":[{"width":500,"height":500,"url":"https:\/\/mindbodysoul-academy.de\/shop\/wp-content\/uploads\/2025\/02\/Anatomie-74.png","type":"image\/png"}],"twitter_card":"summary_large_image","twitter_misc":{"Gesch\u00e4tzte Lesezeit":"2\u00a0Minuten"},"schema":{"@context":"https:\/\/schema.org","@graph":[{"@type":"WebPage","@id":"https:\/\/mindbodysoul-academy.de\/shop\/produkt\/pathophysiologie-digitales-workbook\/","url":"https:\/\/mindbodysoul-academy.de\/shop\/produkt\/pathophysiologie-digitales-workbook\/","name":"Pathophysiologie Zusammenfassung","isPartOf":{"@id":"https:\/\/mindbodysoul-academy.de\/shop\/#website"},"primaryImageOfPage":{"@id":"https:\/\/mindbodysoul-academy.de\/shop\/produkt\/pathophysiologie-digitales-workbook\/#primaryimage"},"image":{"@id":"https:\/\/mindbodysoul-academy.de\/shop\/produkt\/pathophysiologie-digitales-workbook\/#primaryimage"},"thumbnailUrl":"https:\/\/mindbodysoul-academy.de\/shop\/wp-content\/uploads\/2025\/02\/Anatomie-74.png","datePublished":"2025-02-27T09:05:40+00:00","dateModified":"2026-05-07T07:54:56+00:00","description":"Pathophysiologie Workbook zur Heilpraktikerausbildung- und Pr\u00fcfungsvorbereitung.\u00a0Ob Du f\u00fcr Pr\u00fcfungen lernen oder einfach dein Wissen vertiefen m\u00f6chtest, dieses Workbook ist darauf ausgelegt, dir den Lernprozess zu erleichtern.","breadcrumb":{"@id":"https:\/\/mindbodysoul-academy.de\/shop\/produkt\/pathophysiologie-digitales-workbook\/#breadcrumb"},"inLanguage":"de","potentialAction":[{"@type":"ReadAction","target":["https:\/\/mindbodysoul-academy.de\/shop\/produkt\/pathophysiologie-digitales-workbook\/"]}]},{"@type":"ImageObject","inLanguage":"de","@id":"https:\/\/mindbodysoul-academy.de\/shop\/produkt\/pathophysiologie-digitales-workbook\/#primaryimage","url":"https:\/\/mindbodysoul-academy.de\/shop\/wp-content\/uploads\/2025\/02\/Anatomie-74.png","contentUrl":"https:\/\/mindbodysoul-academy.de\/shop\/wp-content\/uploads\/2025\/02\/Anatomie-74.png","width":500,"height":500},{"@type":"BreadcrumbList","@id":"https:\/\/mindbodysoul-academy.de\/shop\/produkt\/pathophysiologie-digitales-workbook\/#breadcrumb","itemListElement":[{"@type":"ListItem","position":1,"name":"Home","item":"https:\/\/mindbodysoul-academy.de\/shop\/"},{"@type":"ListItem","position":2,"name":"Shop","item":"https:\/\/mindbodysoul-academy.de\/shop\/"},{"@type":"ListItem","position":3,"name":"Digitales Workbook-Pathophysiologie 2. Auflage"}]},{"@type":"WebSite","@id":"https:\/\/mindbodysoul-academy.de\/shop\/#website","url":"https:\/\/mindbodysoul-academy.de\/shop\/","name":"Mind-Body-Soul ACADEMY Online- Shop","description":"Lehrinstitut f\u00fcr Heilpraktiker und Astrologie","publisher":{"@id":"https:\/\/mindbodysoul-academy.de\/shop\/#\/schema\/person\/a9cd1a463d38004da101a627cc075306"},"potentialAction":[{"@type":"SearchAction","target":{"@type":"EntryPoint","urlTemplate":"https:\/\/mindbodysoul-academy.de\/shop\/?s={search_term_string}"},"query-input":{"@type":"PropertyValueSpecification","valueRequired":true,"valueName":"search_term_string"}}],"inLanguage":"de"},{"@type":["Person","Organization"],"@id":"https:\/\/mindbodysoul-academy.de\/shop\/#\/schema\/person\/a9cd1a463d38004da101a627cc075306","name":"Olga Erler","image":{"@type":"ImageObject","inLanguage":"de","@id":"https:\/\/mindbodysoul-academy.de\/wp-content\/uploads\/2022\/06\/olga-erler.1024x1024.jpg","url":"https:\/\/mindbodysoul-academy.de\/wp-content\/uploads\/2022\/06\/olga-erler.1024x1024.jpg","contentUrl":"https:\/\/mindbodysoul-academy.de\/wp-content\/uploads\/2022\/06\/olga-erler.1024x1024.jpg","width":1024,"height":1024,"caption":"Olga Erler"},"logo":{"@id":"https:\/\/mindbodysoul-academy.de\/wp-content\/uploads\/2022\/06\/olga-erler.1024x1024.jpg"},"sameAs":["https:\/\/mindbodysoul-academy.de\/","https:\/\/www.facebook.com\/groups\/607787847547864","https:\/\/www.instagram.com\/olga.erler.mindbodysoulacademy\/"]}]}},"_links":{"self":[{"href":"https:\/\/mindbodysoul-academy.de\/shop\/wp-json\/wp\/v2\/product\/6988","targetHints":{"allow":["GET"]}}],"collection":[{"href":"https:\/\/mindbodysoul-academy.de\/shop\/wp-json\/wp\/v2\/product"}],"about":[{"href":"https:\/\/mindbodysoul-academy.de\/shop\/wp-json\/wp\/v2\/types\/product"}],"replies":[{"embeddable":true,"href":"https:\/\/mindbodysoul-academy.de\/shop\/wp-json\/wp\/v2\/comments?post=6988"}],"wp:featuredmedia":[{"embeddable":true,"href":"https:\/\/mindbodysoul-academy.de\/shop\/wp-json\/wp\/v2\/media\/9323"}],"wp:attachment":[{"href":"https:\/\/mindbodysoul-academy.de\/shop\/wp-json\/wp\/v2\/media?parent=6988"}],"wp:term":[{"taxonomy":"product_brand","embeddable":true,"href":"https:\/\/mindbodysoul-academy.de\/shop\/wp-json\/wp\/v2\/product_brand?post=6988"},{"taxonomy":"product_cat","embeddable":true,"href":"https:\/\/mindbodysoul-academy.de\/shop\/wp-json\/wp\/v2\/product_cat?post=6988"},{"taxonomy":"product_tag","embeddable":true,"href":"https:\/\/mindbodysoul-academy.de\/shop\/wp-json\/wp\/v2\/product_tag?post=6988"}],"curies":[{"name":"wp","href":"https:\/\/api.w.org\/{rel}","templated":true}]}}