{"id":6582,"date":"2024-10-06T08:53:28","date_gmt":"2024-10-06T08:53:28","guid":{"rendered":"https:\/\/mindbodysoul-academy.de\/shop\/?post_type=product&#038;p=6582"},"modified":"2026-05-07T09:12:29","modified_gmt":"2026-05-07T09:12:29","slug":"anatomie-physiologie-workbook","status":"publish","type":"product","link":"https:\/\/mindbodysoul-academy.de\/shop\/produkt\/anatomie-physiologie-workbook\/","title":{"rendered":"Digitales Workbook &#8211; Anatomie &#038; Physiologie"},"content":{"rendered":"<h4 style=\"text-align: left;\"><span style=\"color: #f62188;\"><strong><span style=\"vertical-align: inherit;\">Anatomie &amp; Physiologie Workbook 2. Auflage<\/span><\/strong><\/span><\/h4>\n<p class=\"cvGsUA direction-ltr align-center para-style-body\"><span class=\"OYPEnA font-feature-liga-off font-feature-clig-off font-feature-calt-off text-decoration-none text-strikethrough-none\">Ob Du f\u00fcr Pr\u00fcfungen, wie die Heilpraktikerpr\u00fcfung lernen oder einfach dein Wissen vertiefen m\u00f6chtest, dieses Workbook ist darauf ausgelegt, dir den Lernprozess zu erleichtern. <\/span><span class=\"OYPEnA font-feature-liga-off font-feature-clig-off font-feature-calt-off text-decoration-none text-strikethrough-none\">Mein Ziel ist es, Dir das Wissen \u00fcber die Organe und Organsysteme pr\u00e4zise und verst\u00e4ndlich zu vermitteln, sodass Du daraus die Pathologien sp\u00e4ter ableiten kannst. In diesem Workbook findest<\/span> <span class=\"OYPEnA font-feature-liga-off font-feature-clig-off font-feature-calt-off text-decoration-none text-strikethrough-none\">du auf <strong>insgesamt 422 Seiten<\/strong> eine kompakte <\/span><span class=\"OYPEnA font-feature-liga-off font-feature-clig-off font-feature-calt-off text-decoration-none text-strikethrough-none\">Zusammenfassung der<\/span> <span class=\"OYPEnA font-feature-liga-off font-feature-clig-off font-feature-calt-off text-decoration-none text-strikethrough-none\">Anatomie und Physiologie als \u201cCheckliste\u201d mit einer klaren Struktur.<\/span><span class=\"OYPEnA font-feature-liga-off font-feature-clig-off font-feature-calt-off text-decoration-none text-strikethrough-none\"> Doch keine Angst, ich belasse es nicht beim Lesen \u2013 Du wirst aktiv mit eingebunden!<\/span><\/p>\n<p class=\"cvGsUA direction-ltr align-center para-style-body\"><span class=\"OYPEnA font-feature-liga-off font-feature-clig-off font-feature-calt-off text-decoration-none text-strikethrough-none\">Nach der Theorie kommen die \u00dcbungen, die darauf ausgelegt sind, Dein Verst\u00e4ndnis zu vertiefen und Wissen praktisch anzuwenden. Diese Aufgaben sind wie kleine R\u00e4tsel, die du mithilfe der vorherigen Zusammenfassung entschl\u00fcsseln kannst. Und ja, die L\u00f6sungen sind tats\u00e4chlich alle in den Texten versteckt! Eine Art Wissens-Schatzsuche!<\/span><\/p>\n<p class=\"isSelectedEnd\"><strong>Hinweis:<\/strong><br \/>\nDie digitalen Workbooks sind ausschlie\u00dflich f\u00fcr den Download und die Nutzung auf Tablet, Laptop oder PC optimiert. Da es sich um gr\u00f6\u00dfere Dateien mit detaillierten Grafiken handelt, kann die Darstellung auf Smartphones eingeschr\u00e4nkt sein und Inhalte bzw. Beschriftungen m\u00f6glicherweise nicht vollst\u00e4ndig oder ausreichend erkennbar angezeigt werden.<\/p>\n<p><strong>Wir empfehlen daher ausdr\u00fccklich den Download und die Nutzung auf Tablet, Laptop oder PC \u2013 nicht auf dem Smartphone.<\/strong><\/p>\n<p>&nbsp;<\/p>\n<p>Folgende Themen sind im Workbook zusammengefasst:<\/p>\n<ol>\n<li><strong>Einf\u00fchrung in die Anatomie: Lage- &amp; Richtungsbezeichnungen und Bewegungsrichtungen<\/strong><\/li>\n<li><strong>Zelle und Gewebearten:<\/strong> <span style=\"vertical-align: inherit;\">Anatomie und Physiologie sowie \u00dcbungsaufgaben<\/span><\/li>\n<li><strong><span style=\"vertical-align: inherit;\">Blut: <\/span><\/strong><span style=\"vertical-align: inherit;\">Anatomie und Physiologie sowie \u00dcbungsaufgaben<\/span><\/li>\n<li><strong><span style=\"vertical-align: inherit;\">Lymphatisches System und Abwehr: <\/span><\/strong><span style=\"vertical-align: inherit;\">Anatomie und Physiologie sowie \u00dcbungsaufgaben<\/span><\/li>\n<li><strong><span style=\"vertical-align: inherit;\">Endokrines System:<\/span><\/strong><span style=\"vertical-align: inherit;\"> Anatomie und Physiologie sowie \u00dcbungsaufgaben<\/span><\/li>\n<li><strong><span style=\"vertical-align: inherit;\">Nervensystem:<\/span><\/strong><span style=\"vertical-align: inherit;\"> Anatomie und Physiologie sowie \u00dcbungsaufgaben<\/span><\/li>\n<li><strong><span style=\"vertical-align: inherit;\">Sinnesorgane Haut, Auge, Ohr, Geruchs- und Geschmackssinn:<\/span><\/strong><span style=\"vertical-align: inherit;\"> Anatomie und Physiologie sowie \u00dcbungsaufgaben<\/span><\/li>\n<li><strong><span style=\"vertical-align: inherit;\">Bewegungsapparat:<\/span><\/strong><span style=\"vertical-align: inherit;\">\u00a0Anatomie und Physiologie sowie \u00dcbungsaufgaben<\/span><\/li>\n<li><strong><span style=\"vertical-align: inherit;\">Herz, Kreislauf und Gef\u00e4\u00dfe:<\/span><\/strong><span style=\"vertical-align: inherit;\"> Anatomie und Physiologie sowie \u00dcbungsaufgaben<\/span><\/li>\n<li><strong><span style=\"vertical-align: inherit;\">Atemapparat:<\/span><\/strong><span style=\"vertical-align: inherit;\"> Anatomie und Physiologie sowie \u00dcbungsaufgaben<\/span><\/li>\n<li><strong><span style=\"vertical-align: inherit;\">Verdauungssystem:<\/span><\/strong><span style=\"vertical-align: inherit;\"> Anatomie und Physiologie sowie \u00dcbungsaufgaben<\/span><\/li>\n<li><strong><span style=\"vertical-align: inherit;\">Leber, <\/span><\/strong><strong><span style=\"vertical-align: inherit;\">Gallensystem, Pankreas und Stoffwechsel:<\/span><\/strong><span style=\"vertical-align: inherit;\"> Anatomie und Physiologie sowie \u00dcbungsaufgaben<\/span><\/li>\n<li><strong><span style=\"vertical-align: inherit;\">Nieren und ableitende Harnwege:<\/span><\/strong><span style=\"vertical-align: inherit;\"> Anatomie und Physiologie sowie \u00dcbungsaufgaben<\/span><\/li>\n<li><strong><span style=\"vertical-align: inherit;\">Geschlechtsorgane und Fortpflanzung:<\/span><\/strong><span style=\"vertical-align: inherit;\"> Anatomie und Physiologie sowie \u00dcbungsaufgaben<\/span><\/li>\n<\/ol>\n<p><strong>Wichtiger Hinweis zum vorzeitigen Erl\u00f6schen des Widerrufsrechts:<\/strong><br \/>\nSobald die Zahlung best\u00e4tigt wurde, sind deine Dateien zum Download verf\u00fcgbar.<br \/>\n<span style=\"color: #e82727;\">*<\/span>Sofort-Download-Artikel k\u00f6nnen nicht zur\u00fcckgegeben, umgetauscht oder storniert werden. Mit dem Setzen des H\u00e4kchens w\u00e4hrend des Kaufvorgangs gibst du dein Einverst\u00e4ndnis und best\u00e4tigst, dass du unsere AGB gelesen und verstanden hast, dass dein Widerrufsrecht bei diesem Artikel vorzeitig erlischt.<\/p>\n<p>&nbsp;<\/p>\n","protected":false},"excerpt":{"rendered":"<p style=\"text-align: left;\"><span style=\"color: #f62188;\"><strong><span style=\"vertical-align: inherit;\">Anatomie &amp; Physiologie Workbook 3. Auflage<\/span><\/strong><\/span><\/p>\n<p>Du m\u00f6chtest ein tiefes Verst\u00e4ndnis f\u00fcr die Funktionen und Strukturen des menschlichen K\u00f6rpers erlangen? Mein digitales Workbook zur Anatomie und Physiologie ist genau das, was du brauchst, um deine Kenntnisse auf das n\u00e4chste Level zu heben! Speziell f\u00fcr die Heilpraktikerausbildung- und Pr\u00fcfungsvorbereitung<\/p>\n<p>Warum dieses digitale Workbook unentbehrlich f\u00fcr dich ist:<\/p>\n<p>\ud83d\udcd6 <strong>Umfassendes Wissen auf einen Blick<\/strong>: Komplette Inhalte, die pr\u00e4zise und verst\u00e4ndlich aufbereitet sind. Ideal sowohl f\u00fcr Heilpraktiker in Ausbildung- oder Pr\u00fcfungsvorbereitung als auch f\u00fcr die, die einfach ihr Fachwissen erweitern wollen.<\/p>\n<p>\ud83e\udde0 <b>\u00dcbungsaufgaben &amp; exklusive Tipps:<\/b>\u00a0\u00dcbungen die du mithilfe der Zusammenfassungen l\u00f6sen kannst, anschauliche Grafiken und Zwischenfragen sorgen daf\u00fcr, dass du das Gelernte m\u00fchelos verinnerlichst. So macht Lernen Spa\u00df!<\/p>\n<p>\ud83d\udd52 <strong>Lernen in deinem Tempo<\/strong>: Egal ob du nur schnell ein Kapitel durchgehen oder tief ins Detail gehen m\u00f6chtest \u2013 dieses Workbook passt sich deinem individuellen Lerntempo an.<\/p>\n<p>\ud83c\udf10 <strong>Zugriff, wann und wo du willst<\/strong>: Ob im Caf\u00e9, zu Hause oder unterwegs \u2013 dein Wissen ist immer nur einen Klick entfernt.<\/p>\n<p>\ud83d\udca1 <strong>Pr\u00fcfungsvorbereitung leicht gemacht<\/strong>: Verstehe komplexe Zusammenh\u00e4nge und bereite dich gezielt auf deine Pr\u00fcfung vor.<\/p>\n<p>Lass dich von meinem digitalen Workbook inspirieren und erlebe, wie leicht Lernen sein kann.<\/p>\n<p>\ud83d\udc49<strong> Dieses Workbook wird derzeit aktualisiert, daher erh\u00e4ltst du das letzte Thema noch in der aktuellen Version Auflage 2<\/strong><\/p>\n<p>&nbsp;<\/p>\n<p class=\"isSelectedEnd\"><strong>Hinweis:<\/strong><br \/>\nDie digitalen Workbooks sind ausschlie\u00dflich f\u00fcr den Download und die Nutzung auf Tablet, Laptop oder PC optimiert. Da es sich um gr\u00f6\u00dfere Dateien mit detaillierten Grafiken handelt, kann die Darstellung auf Smartphones eingeschr\u00e4nkt sein und Inhalte bzw. Beschriftungen m\u00f6glicherweise nicht vollst\u00e4ndig oder ausreichend erkennbar angezeigt werden.<\/p>\n<p>Wir empfehlen daher ausdr\u00fccklich den Download und die Nutzung auf Tablet, Laptop oder PC \u2013 nicht auf dem Smartphone.<\/p>\n","protected":false},"featured_media":9631,"comment_status":"open","ping_status":"closed","template":"","meta":{"_bbp_topic_count":0,"_bbp_reply_count":0,"_bbp_total_topic_count":0,"_bbp_total_reply_count":0,"_bbp_voice_count":0,"_bbp_anonymous_reply_count":0,"_bbp_topic_count_hidden":0,"_bbp_reply_count_hidden":0,"_bbp_forum_subforum_count":0,"om_disable_all_campaigns":false,"_monsterinsights_skip_tracking":false,"_monsterinsights_sitenote_active":false,"_monsterinsights_sitenote_note":"","_monsterinsights_sitenote_category":0,"site-sidebar-layout":"default","site-content-layout":"","ast-site-content-layout":"default","site-content-style":"default","site-sidebar-style":"default","ast-global-header-display":"","ast-banner-title-visibility":"","ast-main-header-display":"","ast-hfb-above-header-display":"","ast-hfb-below-header-display":"","ast-hfb-mobile-header-display":"","site-post-title":"","ast-breadcrumbs-content":"","ast-featured-img":"","footer-sml-layout":"","ast-disable-related-posts":"","theme-transparent-header-meta":"default","adv-header-id-meta":"","stick-header-meta":"","header-above-stick-meta":"","header-main-stick-meta":"","header-below-stick-meta":"","astra-migrate-meta-layouts":"set","ast-page-background-enabled":"default","ast-page-background-meta":{"desktop":{"background-color":"var(--ast-global-color-4)","background-image":"","background-repeat":"repeat","background-position":"center center","background-size":"auto","background-attachment":"scroll","background-type":"","background-media":"","overlay-type":"","overlay-color":"","overlay-opacity":"","overlay-gradient":""},"tablet":{"background-color":"","background-image":"","background-repeat":"repeat","background-position":"center center","background-size":"auto","background-attachment":"scroll","background-type":"","background-media":"","overlay-type":"","overlay-color":"","overlay-opacity":"","overlay-gradient":""},"mobile":{"background-color":"","background-image":"","background-repeat":"repeat","background-position":"center center","background-size":"auto","background-attachment":"scroll","background-type":"","background-media":"","overlay-type":"","overlay-color":"","overlay-opacity":"","overlay-gradient":""}},"ast-content-background-meta":{"desktop":{"background-color":"var(--ast-global-color-5)","background-image":"","background-repeat":"repeat","background-position":"center center","background-size":"auto","background-attachment":"scroll","background-type":"","background-media":"","overlay-type":"","overlay-color":"","overlay-opacity":"","overlay-gradient":""},"tablet":{"background-color":"var(--ast-global-color-5)","background-image":"","background-repeat":"repeat","background-position":"center center","background-size":"auto","background-attachment":"scroll","background-type":"","background-media":"","overlay-type":"","overlay-color":"","overlay-opacity":"","overlay-gradient":""},"mobile":{"background-color":"var(--ast-global-color-5)","background-image":"","background-repeat":"repeat","background-position":"center center","background-size":"auto","background-attachment":"scroll","background-type":"","background-media":"","overlay-type":"","overlay-color":"","overlay-opacity":"","overlay-gradient":""}}},"product_brand":[],"product_cat":[35,23,31,22],"product_tag":[34,36,33],"class_list":{"0":"post-6582","1":"product","2":"type-product","3":"status-publish","4":"has-post-thumbnail","6":"product_cat-heilpraktiker-ausbildung","7":"product_cat-pruefungsvorbereitung","8":"product_cat-uebungshefte","9":"product_cat-workbooks","10":"product_tag-anatomie","11":"product_tag-heilpraktiker-ausbildung","12":"product_tag-workbooks","13":"product_shipping_class-download-versandkostenfrei","14":"desktop-align-left","15":"tablet-align-left","16":"mobile-align-left","18":"first","19":"instock","20":"sale","21":"downloadable","22":"taxable","23":"shipping-taxable","24":"purchasable","25":"product-type-simple"},"yoast_head":"<!-- This site is optimized with the Yoast SEO plugin v27.5 - https:\/\/yoast.com\/product\/yoast-seo-wordpress\/ -->\n<title>Anatomie &amp; Physiologie Zusammenfassung mit \u00dcbungsaufgaben<\/title>\n<meta name=\"description\" content=\"Anatomie &amp; Physiologie - digitales Workbook zur Heilpraktiker-Ausbildung &amp; Pr\u00fcfungsvorbereitung. Mit verst\u00e4ndlichen Erkl\u00e4rungen, beschrifteten Grafiken und \u00dcbungsaufgaben.\" \/>\n<meta name=\"robots\" content=\"index, follow, max-snippet:-1, max-image-preview:large, max-video-preview:-1\" \/>\n<link rel=\"canonical\" href=\"https:\/\/mindbodysoul-academy.de\/shop\/produkt\/anatomie-physiologie-workbook\/\" \/>\n<meta property=\"og:locale\" content=\"de_DE\" \/>\n<meta property=\"og:type\" content=\"article\" \/>\n<meta property=\"og:title\" content=\"Anatomie &amp; Physiologie Zusammenfassung mit \u00dcbungsaufgaben\" \/>\n<meta property=\"og:description\" content=\"Anatomie &amp; Physiologie - digitales Workbook zur Heilpraktiker-Ausbildung &amp; Pr\u00fcfungsvorbereitung. Mit verst\u00e4ndlichen Erkl\u00e4rungen, beschrifteten Grafiken und \u00dcbungsaufgaben.\" \/>\n<meta property=\"og:url\" content=\"https:\/\/mindbodysoul-academy.de\/shop\/produkt\/anatomie-physiologie-workbook\/\" \/>\n<meta property=\"og:site_name\" content=\"Mind-Body-Soul ACADEMY Online- Shop\" \/>\n<meta property=\"article:publisher\" content=\"https:\/\/www.facebook.com\/groups\/607787847547864\" \/>\n<meta property=\"article:modified_time\" content=\"2026-05-07T09:12:29+00:00\" \/>\n<meta property=\"og:image\" content=\"https:\/\/mindbodysoul-academy.de\/shop\/wp-content\/uploads\/2024\/10\/Anatomie-77.png\" \/>\n\t<meta property=\"og:image:width\" content=\"500\" \/>\n\t<meta property=\"og:image:height\" content=\"500\" \/>\n\t<meta property=\"og:image:type\" content=\"image\/png\" \/>\n<meta name=\"twitter:card\" content=\"summary_large_image\" \/>\n<meta name=\"twitter:label1\" content=\"Gesch\u00e4tzte Lesezeit\" \/>\n\t<meta name=\"twitter:data1\" content=\"2\u00a0Minuten\" \/>\n<script type=\"application\/ld+json\" class=\"yoast-schema-graph\">{\"@context\":\"https:\\\/\\\/schema.org\",\"@graph\":[{\"@type\":\"WebPage\",\"@id\":\"https:\\\/\\\/mindbodysoul-academy.de\\\/shop\\\/produkt\\\/anatomie-physiologie-workbook\\\/\",\"url\":\"https:\\\/\\\/mindbodysoul-academy.de\\\/shop\\\/produkt\\\/anatomie-physiologie-workbook\\\/\",\"name\":\"Anatomie & Physiologie Zusammenfassung mit \u00dcbungsaufgaben\",\"isPartOf\":{\"@id\":\"https:\\\/\\\/mindbodysoul-academy.de\\\/shop\\\/#website\"},\"primaryImageOfPage\":{\"@id\":\"https:\\\/\\\/mindbodysoul-academy.de\\\/shop\\\/produkt\\\/anatomie-physiologie-workbook\\\/#primaryimage\"},\"image\":{\"@id\":\"https:\\\/\\\/mindbodysoul-academy.de\\\/shop\\\/produkt\\\/anatomie-physiologie-workbook\\\/#primaryimage\"},\"thumbnailUrl\":\"https:\\\/\\\/mindbodysoul-academy.de\\\/shop\\\/wp-content\\\/uploads\\\/2024\\\/10\\\/Anatomie-77.png\",\"datePublished\":\"2024-10-06T08:53:28+00:00\",\"dateModified\":\"2026-05-07T09:12:29+00:00\",\"description\":\"Anatomie & Physiologie - digitales Workbook zur Heilpraktiker-Ausbildung & Pr\u00fcfungsvorbereitung. Mit verst\u00e4ndlichen Erkl\u00e4rungen, beschrifteten Grafiken und \u00dcbungsaufgaben.\",\"breadcrumb\":{\"@id\":\"https:\\\/\\\/mindbodysoul-academy.de\\\/shop\\\/produkt\\\/anatomie-physiologie-workbook\\\/#breadcrumb\"},\"inLanguage\":\"de\",\"potentialAction\":[{\"@type\":\"ReadAction\",\"target\":[\"https:\\\/\\\/mindbodysoul-academy.de\\\/shop\\\/produkt\\\/anatomie-physiologie-workbook\\\/\"]}]},{\"@type\":\"ImageObject\",\"inLanguage\":\"de\",\"@id\":\"https:\\\/\\\/mindbodysoul-academy.de\\\/shop\\\/produkt\\\/anatomie-physiologie-workbook\\\/#primaryimage\",\"url\":\"https:\\\/\\\/mindbodysoul-academy.de\\\/shop\\\/wp-content\\\/uploads\\\/2024\\\/10\\\/Anatomie-77.png\",\"contentUrl\":\"https:\\\/\\\/mindbodysoul-academy.de\\\/shop\\\/wp-content\\\/uploads\\\/2024\\\/10\\\/Anatomie-77.png\",\"width\":500,\"height\":500},{\"@type\":\"BreadcrumbList\",\"@id\":\"https:\\\/\\\/mindbodysoul-academy.de\\\/shop\\\/produkt\\\/anatomie-physiologie-workbook\\\/#breadcrumb\",\"itemListElement\":[{\"@type\":\"ListItem\",\"position\":1,\"name\":\"Home\",\"item\":\"https:\\\/\\\/mindbodysoul-academy.de\\\/shop\\\/\"},{\"@type\":\"ListItem\",\"position\":2,\"name\":\"Shop\",\"item\":\"https:\\\/\\\/mindbodysoul-academy.de\\\/shop\\\/\"},{\"@type\":\"ListItem\",\"position\":3,\"name\":\"Digitales Workbook &#8211; Anatomie &#038; Physiologie\"}]},{\"@type\":\"WebSite\",\"@id\":\"https:\\\/\\\/mindbodysoul-academy.de\\\/shop\\\/#website\",\"url\":\"https:\\\/\\\/mindbodysoul-academy.de\\\/shop\\\/\",\"name\":\"Mind-Body-Soul ACADEMY Online- Shop\",\"description\":\"Lehrinstitut f\u00fcr Heilpraktiker und Astrologie\",\"publisher\":{\"@id\":\"https:\\\/\\\/mindbodysoul-academy.de\\\/shop\\\/#\\\/schema\\\/person\\\/a9cd1a463d38004da101a627cc075306\"},\"potentialAction\":[{\"@type\":\"SearchAction\",\"target\":{\"@type\":\"EntryPoint\",\"urlTemplate\":\"https:\\\/\\\/mindbodysoul-academy.de\\\/shop\\\/?s={search_term_string}\"},\"query-input\":{\"@type\":\"PropertyValueSpecification\",\"valueRequired\":true,\"valueName\":\"search_term_string\"}}],\"inLanguage\":\"de\"},{\"@type\":[\"Person\",\"Organization\"],\"@id\":\"https:\\\/\\\/mindbodysoul-academy.de\\\/shop\\\/#\\\/schema\\\/person\\\/a9cd1a463d38004da101a627cc075306\",\"name\":\"Olga Erler\",\"image\":{\"@type\":\"ImageObject\",\"inLanguage\":\"de\",\"@id\":\"https:\\\/\\\/mindbodysoul-academy.de\\\/wp-content\\\/uploads\\\/2022\\\/06\\\/olga-erler.1024x1024.jpg\",\"url\":\"https:\\\/\\\/mindbodysoul-academy.de\\\/wp-content\\\/uploads\\\/2022\\\/06\\\/olga-erler.1024x1024.jpg\",\"contentUrl\":\"https:\\\/\\\/mindbodysoul-academy.de\\\/wp-content\\\/uploads\\\/2022\\\/06\\\/olga-erler.1024x1024.jpg\",\"width\":1024,\"height\":1024,\"caption\":\"Olga Erler\"},\"logo\":{\"@id\":\"https:\\\/\\\/mindbodysoul-academy.de\\\/wp-content\\\/uploads\\\/2022\\\/06\\\/olga-erler.1024x1024.jpg\"},\"sameAs\":[\"https:\\\/\\\/mindbodysoul-academy.de\\\/\",\"https:\\\/\\\/www.facebook.com\\\/groups\\\/607787847547864\",\"https:\\\/\\\/www.instagram.com\\\/olga.erler.mindbodysoulacademy\\\/\"]}]}<\/script>\n<!-- \/ Yoast SEO plugin. -->","yoast_head_json":{"title":"Anatomie & Physiologie Zusammenfassung mit \u00dcbungsaufgaben","description":"Anatomie & Physiologie - digitales Workbook zur Heilpraktiker-Ausbildung & Pr\u00fcfungsvorbereitung. Mit verst\u00e4ndlichen Erkl\u00e4rungen, beschrifteten Grafiken und \u00dcbungsaufgaben.","robots":{"index":"index","follow":"follow","max-snippet":"max-snippet:-1","max-image-preview":"max-image-preview:large","max-video-preview":"max-video-preview:-1"},"canonical":"https:\/\/mindbodysoul-academy.de\/shop\/produkt\/anatomie-physiologie-workbook\/","og_locale":"de_DE","og_type":"article","og_title":"Anatomie & Physiologie Zusammenfassung mit \u00dcbungsaufgaben","og_description":"Anatomie & Physiologie - digitales Workbook zur Heilpraktiker-Ausbildung & Pr\u00fcfungsvorbereitung. Mit verst\u00e4ndlichen Erkl\u00e4rungen, beschrifteten Grafiken und \u00dcbungsaufgaben.","og_url":"https:\/\/mindbodysoul-academy.de\/shop\/produkt\/anatomie-physiologie-workbook\/","og_site_name":"Mind-Body-Soul ACADEMY Online- Shop","article_publisher":"https:\/\/www.facebook.com\/groups\/607787847547864","article_modified_time":"2026-05-07T09:12:29+00:00","og_image":[{"width":500,"height":500,"url":"https:\/\/mindbodysoul-academy.de\/shop\/wp-content\/uploads\/2024\/10\/Anatomie-77.png","type":"image\/png"}],"twitter_card":"summary_large_image","twitter_misc":{"Gesch\u00e4tzte Lesezeit":"2\u00a0Minuten"},"schema":{"@context":"https:\/\/schema.org","@graph":[{"@type":"WebPage","@id":"https:\/\/mindbodysoul-academy.de\/shop\/produkt\/anatomie-physiologie-workbook\/","url":"https:\/\/mindbodysoul-academy.de\/shop\/produkt\/anatomie-physiologie-workbook\/","name":"Anatomie & Physiologie Zusammenfassung mit \u00dcbungsaufgaben","isPartOf":{"@id":"https:\/\/mindbodysoul-academy.de\/shop\/#website"},"primaryImageOfPage":{"@id":"https:\/\/mindbodysoul-academy.de\/shop\/produkt\/anatomie-physiologie-workbook\/#primaryimage"},"image":{"@id":"https:\/\/mindbodysoul-academy.de\/shop\/produkt\/anatomie-physiologie-workbook\/#primaryimage"},"thumbnailUrl":"https:\/\/mindbodysoul-academy.de\/shop\/wp-content\/uploads\/2024\/10\/Anatomie-77.png","datePublished":"2024-10-06T08:53:28+00:00","dateModified":"2026-05-07T09:12:29+00:00","description":"Anatomie & Physiologie - digitales Workbook zur Heilpraktiker-Ausbildung & Pr\u00fcfungsvorbereitung. Mit verst\u00e4ndlichen Erkl\u00e4rungen, beschrifteten Grafiken und \u00dcbungsaufgaben.","breadcrumb":{"@id":"https:\/\/mindbodysoul-academy.de\/shop\/produkt\/anatomie-physiologie-workbook\/#breadcrumb"},"inLanguage":"de","potentialAction":[{"@type":"ReadAction","target":["https:\/\/mindbodysoul-academy.de\/shop\/produkt\/anatomie-physiologie-workbook\/"]}]},{"@type":"ImageObject","inLanguage":"de","@id":"https:\/\/mindbodysoul-academy.de\/shop\/produkt\/anatomie-physiologie-workbook\/#primaryimage","url":"https:\/\/mindbodysoul-academy.de\/shop\/wp-content\/uploads\/2024\/10\/Anatomie-77.png","contentUrl":"https:\/\/mindbodysoul-academy.de\/shop\/wp-content\/uploads\/2024\/10\/Anatomie-77.png","width":500,"height":500},{"@type":"BreadcrumbList","@id":"https:\/\/mindbodysoul-academy.de\/shop\/produkt\/anatomie-physiologie-workbook\/#breadcrumb","itemListElement":[{"@type":"ListItem","position":1,"name":"Home","item":"https:\/\/mindbodysoul-academy.de\/shop\/"},{"@type":"ListItem","position":2,"name":"Shop","item":"https:\/\/mindbodysoul-academy.de\/shop\/"},{"@type":"ListItem","position":3,"name":"Digitales Workbook &#8211; Anatomie &#038; Physiologie"}]},{"@type":"WebSite","@id":"https:\/\/mindbodysoul-academy.de\/shop\/#website","url":"https:\/\/mindbodysoul-academy.de\/shop\/","name":"Mind-Body-Soul ACADEMY Online- Shop","description":"Lehrinstitut f\u00fcr Heilpraktiker und Astrologie","publisher":{"@id":"https:\/\/mindbodysoul-academy.de\/shop\/#\/schema\/person\/a9cd1a463d38004da101a627cc075306"},"potentialAction":[{"@type":"SearchAction","target":{"@type":"EntryPoint","urlTemplate":"https:\/\/mindbodysoul-academy.de\/shop\/?s={search_term_string}"},"query-input":{"@type":"PropertyValueSpecification","valueRequired":true,"valueName":"search_term_string"}}],"inLanguage":"de"},{"@type":["Person","Organization"],"@id":"https:\/\/mindbodysoul-academy.de\/shop\/#\/schema\/person\/a9cd1a463d38004da101a627cc075306","name":"Olga Erler","image":{"@type":"ImageObject","inLanguage":"de","@id":"https:\/\/mindbodysoul-academy.de\/wp-content\/uploads\/2022\/06\/olga-erler.1024x1024.jpg","url":"https:\/\/mindbodysoul-academy.de\/wp-content\/uploads\/2022\/06\/olga-erler.1024x1024.jpg","contentUrl":"https:\/\/mindbodysoul-academy.de\/wp-content\/uploads\/2022\/06\/olga-erler.1024x1024.jpg","width":1024,"height":1024,"caption":"Olga Erler"},"logo":{"@id":"https:\/\/mindbodysoul-academy.de\/wp-content\/uploads\/2022\/06\/olga-erler.1024x1024.jpg"},"sameAs":["https:\/\/mindbodysoul-academy.de\/","https:\/\/www.facebook.com\/groups\/607787847547864","https:\/\/www.instagram.com\/olga.erler.mindbodysoulacademy\/"]}]}},"_links":{"self":[{"href":"https:\/\/mindbodysoul-academy.de\/shop\/wp-json\/wp\/v2\/product\/6582","targetHints":{"allow":["GET"]}}],"collection":[{"href":"https:\/\/mindbodysoul-academy.de\/shop\/wp-json\/wp\/v2\/product"}],"about":[{"href":"https:\/\/mindbodysoul-academy.de\/shop\/wp-json\/wp\/v2\/types\/product"}],"replies":[{"embeddable":true,"href":"https:\/\/mindbodysoul-academy.de\/shop\/wp-json\/wp\/v2\/comments?post=6582"}],"wp:featuredmedia":[{"embeddable":true,"href":"https:\/\/mindbodysoul-academy.de\/shop\/wp-json\/wp\/v2\/media\/9631"}],"wp:attachment":[{"href":"https:\/\/mindbodysoul-academy.de\/shop\/wp-json\/wp\/v2\/media?parent=6582"}],"wp:term":[{"taxonomy":"product_brand","embeddable":true,"href":"https:\/\/mindbodysoul-academy.de\/shop\/wp-json\/wp\/v2\/product_brand?post=6582"},{"taxonomy":"product_cat","embeddable":true,"href":"https:\/\/mindbodysoul-academy.de\/shop\/wp-json\/wp\/v2\/product_cat?post=6582"},{"taxonomy":"product_tag","embeddable":true,"href":"https:\/\/mindbodysoul-academy.de\/shop\/wp-json\/wp\/v2\/product_tag?post=6582"}],"curies":[{"name":"wp","href":"https:\/\/api.w.org\/{rel}","templated":true}]}}